{"id":1001,"date":"2024-09-24T13:31:26","date_gmt":"2024-09-24T13:31:26","guid":{"rendered":"https:\/\/seemydreams.pt\/see-my-dreams\/"},"modified":"2024-10-18T19:42:35","modified_gmt":"2024-10-18T19:42:35","slug":"see-my-dreams","status":"publish","type":"page","link":"https:\/\/seemydreams.pt\/en\/see-my-dreams\/","title":{"rendered":"See My Dreams"},"content":{"rendered":"\t\t<div data-elementor-type=\"wp-page\" data-elementor-id=\"1001\" class=\"elementor elementor-1001 elementor-496\" data-elementor-post-type=\"page\">\n\t\t\t\t<div class=\"elementor-element elementor-element-15ed8b4 e-flex e-con-boxed e-con e-parent\" data-id=\"15ed8b4\" data-element_type=\"container\" data-settings=\"{&quot;background_background&quot;:&quot;classic&quot;}\">\n\t\t\t\t\t<div class=\"e-con-inner\">\n\t\t\t\t\t<\/div>\n\t\t\t\t<\/div>\n\t\t<div class=\"elementor-element elementor-element-996f359 e-flex e-con-boxed e-con e-parent\" data-id=\"996f359\" data-element_type=\"container\" data-settings=\"{&quot;background_background&quot;:&quot;classic&quot;}\">\n\t\t\t\t\t<div class=\"e-con-inner\">\n\t\t\t\t<div class=\"elementor-element elementor-element-48e4fa6 elementor-invisible elementor-widget elementor-widget-heading\" data-id=\"48e4fa6\" data-element_type=\"widget\" data-settings=\"{&quot;_animation&quot;:&quot;fadeInUp&quot;,&quot;_animation_delay&quot;:250}\" data-widget_type=\"heading.default\">\n\t\t\t\t<div class=\"elementor-widget-container\">\n\t\t\t<style>\/*! elementor - v3.22.0 - 17-06-2024 *\/\n.elementor-heading-title{padding:0;margin:0;line-height:1}.elementor-widget-heading .elementor-heading-title[class*=elementor-size-]>a{color:inherit;font-size:inherit;line-height:inherit}.elementor-widget-heading .elementor-heading-title.elementor-size-small{font-size:15px}.elementor-widget-heading .elementor-heading-title.elementor-size-medium{font-size:19px}.elementor-widget-heading .elementor-heading-title.elementor-size-large{font-size:29px}.elementor-widget-heading .elementor-heading-title.elementor-size-xl{font-size:39px}.elementor-widget-heading .elementor-heading-title.elementor-size-xxl{font-size:59px}<\/style><h2 class=\"elementor-heading-title elementor-size-default\">THE COMPANY<\/h2>\t\t<\/div>\n\t\t\t\t<\/div>\n\t\t\t\t<div class=\"elementor-element elementor-element-250cb7e elementor-invisible elementor-widget elementor-widget-text-editor\" data-id=\"250cb7e\" data-element_type=\"widget\" data-settings=\"{&quot;_animation&quot;:&quot;fadeInUp&quot;,&quot;_animation_delay&quot;:300}\" data-widget_type=\"text-editor.default\">\n\t\t\t\t<div class=\"elementor-widget-container\">\n\t\t\t<style>\/*! elementor - v3.22.0 - 17-06-2024 *\/\n.elementor-widget-text-editor.elementor-drop-cap-view-stacked .elementor-drop-cap{background-color:#69727d;color:#fff}.elementor-widget-text-editor.elementor-drop-cap-view-framed .elementor-drop-cap{color:#69727d;border:3px solid;background-color:transparent}.elementor-widget-text-editor:not(.elementor-drop-cap-view-default) .elementor-drop-cap{margin-top:8px}.elementor-widget-text-editor:not(.elementor-drop-cap-view-default) .elementor-drop-cap-letter{width:1em;height:1em}.elementor-widget-text-editor .elementor-drop-cap{float:left;text-align:center;line-height:1;font-size:50px}.elementor-widget-text-editor .elementor-drop-cap-letter{display:inline-block}<\/style>\t\t\t\t<p><strong>SEE MY DREAMS PRODUCTIONS<\/strong> is an independent production company, based in Portugal and producing audiovisual contents for the local and international market. The company is focused on the development of original scripted and non-scripted projects, working with top creative talent in all areas of the production process. Since the company was set up, SEE MY DREAMS has been producing projects for clients such as TVI and Amazon PrimeVideo, and is involved in various international co-productions.<\/p>\t\t\t\t\t\t<\/div>\n\t\t\t\t<\/div>\n\t\t\t\t\t<\/div>\n\t\t\t\t<\/div>\n\t\t<div class=\"elementor-element elementor-element-602d724 e-con-full e-flex e-con e-parent\" data-id=\"602d724\" data-element_type=\"container\" data-settings=\"{&quot;background_background&quot;:&quot;classic&quot;}\">\n\t\t\t\t<div class=\"elementor-element elementor-element-2132faf elementor-arrows-position-inside elementor-widget elementor-widget-n-carousel\" data-id=\"2132faf\" data-element_type=\"widget\" data-settings=\"{&quot;carousel_items&quot;:[{&quot;slide_title&quot;:&quot;Morangos com A\\u00e7\\u00facar 1\\u00aa temporada&quot;,&quot;_id&quot;:&quot;0f816e3&quot;},{&quot;slide_title&quot;:&quot;Morangos com A\\u00e7\\u00facar 2\\u00aa temporada&quot;,&quot;_id&quot;:&quot;5ec5323&quot;},{&quot;slide_title&quot;:&quot;Morangos com A\\u00e7\\u00facar 2\\u00aa temporada&quot;,&quot;_id&quot;:&quot;9787e3c&quot;}],&quot;slides_to_show&quot;:&quot;3&quot;,&quot;slides_to_scroll&quot;:&quot;1&quot;,&quot;image_spacing_custom&quot;:{&quot;unit&quot;:&quot;px&quot;,&quot;size&quot;:0,&quot;sizes&quot;:[]},&quot;slides_to_show_tablet&quot;:&quot;2&quot;,&quot;slides_to_show_mobile&quot;:&quot;1&quot;,&quot;infinite&quot;:&quot;yes&quot;,&quot;speed&quot;:500,&quot;offset_sides&quot;:&quot;none&quot;,&quot;arrows&quot;:&quot;yes&quot;,&quot;image_spacing_custom_tablet&quot;:{&quot;unit&quot;:&quot;px&quot;,&quot;size&quot;:&quot;&quot;,&quot;sizes&quot;:[]},&quot;image_spacing_custom_mobile&quot;:{&quot;unit&quot;:&quot;px&quot;,&quot;size&quot;:&quot;&quot;,&quot;sizes&quot;:[]}}\" data-widget_type=\"nested-carousel.default\">\n\t\t\t\t<div class=\"elementor-widget-container\">\n\t\t\t<link rel=\"stylesheet\" href=\"https:\/\/seemydreams.pt\/wp-content\/plugins\/elementor-pro\/assets\/css\/widget-nested-carousel.min.css\">\t\t<div class=\"e-n-carousel swiper\" dir=\"ltr\">\n\t\t\t<div class=\"swiper-wrapper\" aria-live=\"polite\">\n\t\t\t\t\t\t\t\t\t\t<div class=\"swiper-slide\" data-slide=\"1\" role=\"group\" aria-roledescription=\"slide\" aria-label=\"1 of 3\">\n\t\t\t\t\t\t\t<a class=\"elementor-element elementor-element-7455626 e-con-full e-flex e-con e-child\" data-id=\"7455626\" data-element_type=\"container\" href=\"#elementor-action%3Aaction%3Dlightbox%26settings%3DeyJ0eXBlIjoidmlkZW8iLCJ2aWRlb1R5cGUiOiJob3N0ZWQiLCJ1cmwiOiJodHRwczpcL1wvc3RhZ2luZzIzLnB1eGVuZWdvY2lvcy5wdFwvd3AtY29udGVudFwvdXBsb2Fkc1wvMjAyNFwvMDZcL3YxbWNhdDEubXA0In0%3D\">\n\t\t\t\t<div class=\"elementor-element elementor-element-fbd23b5 elementor-widget elementor-widget-video\" data-id=\"fbd23b5\" data-element_type=\"widget\" data-settings=\"{&quot;video_type&quot;:&quot;hosted&quot;,&quot;autoplay&quot;:&quot;yes&quot;,&quot;play_on_mobile&quot;:&quot;yes&quot;,&quot;mute&quot;:&quot;yes&quot;,&quot;loop&quot;:&quot;yes&quot;,&quot;start&quot;:7}\" data-widget_type=\"video.default\">\n\t\t\t\t<div class=\"elementor-widget-container\">\n\t\t\t<style>\/*! elementor - v3.22.0 - 17-06-2024 *\/\n.elementor-widget-video .elementor-widget-container{overflow:hidden;transform:translateZ(0)}.elementor-widget-video .elementor-wrapper{aspect-ratio:var(--video-aspect-ratio)}.elementor-widget-video .elementor-wrapper iframe,.elementor-widget-video .elementor-wrapper video{height:100%;width:100%;display:flex;border:none;background-color:#000}@supports not (aspect-ratio:1\/1){.elementor-widget-video .elementor-wrapper{position:relative;overflow:hidden;height:0;padding-bottom:calc(100% \/ var(--video-aspect-ratio))}.elementor-widget-video .elementor-wrapper iframe,.elementor-widget-video .elementor-wrapper video{position:absolute;top:0;right:0;bottom:0;left:0}}.elementor-widget-video .elementor-open-inline .elementor-custom-embed-image-overlay{position:absolute;top:0;right:0;bottom:0;left:0;background-size:cover;background-position:50%}.elementor-widget-video .elementor-custom-embed-image-overlay{cursor:pointer;text-align:center}.elementor-widget-video .elementor-custom-embed-image-overlay:hover .elementor-custom-embed-play i{opacity:1}.elementor-widget-video .elementor-custom-embed-image-overlay img{display:block;width:100%;aspect-ratio:var(--video-aspect-ratio);-o-object-fit:cover;object-fit:cover;-o-object-position:center center;object-position:center center}@supports not (aspect-ratio:1\/1){.elementor-widget-video .elementor-custom-embed-image-overlay{position:relative;overflow:hidden;height:0;padding-bottom:calc(100% \/ var(--video-aspect-ratio))}.elementor-widget-video .elementor-custom-embed-image-overlay img{position:absolute;top:0;right:0;bottom:0;left:0}}.elementor-widget-video .e-hosted-video .elementor-video{-o-object-fit:cover;object-fit:cover}.e-con-inner>.elementor-widget-video,.e-con>.elementor-widget-video{width:var(--container-widget-width);--flex-grow:var(--container-widget-flex-grow)}<\/style>\t\t<div class=\"e-hosted-video elementor-wrapper elementor-open-inline\">\n\t\t\t\t\t<video class=\"elementor-video\" src=\"https:\/\/seemydreams.pt\/wp-content\/uploads\/2024\/06\/v3mcat2.mp4#t=7\" autoplay=\"\" loop=\"\" muted=\"muted\" playsinline=\"\" controlsList=\"nodownload\"><\/video>\n\t\t\t\t<\/div>\n\t\t\t\t<\/div>\n\t\t\t\t<\/div>\n\t\t\t\t<\/a>\n\t\t\t\t\t\t\t\t<\/div>\n\t\t\t\t\t\t\t\t\t\t\t<div class=\"swiper-slide\" data-slide=\"2\" role=\"group\" aria-roledescription=\"slide\" aria-label=\"2 of 3\">\n\t\t\t\t\t\t\t<a class=\"elementor-element elementor-element-659557d e-con-full e-flex e-con e-child\" data-id=\"659557d\" data-element_type=\"container\" href=\"#elementor-action%3Aaction%3Dlightbox%26settings%3DeyJ0eXBlIjoidmlkZW8iLCJ2aWRlb1R5cGUiOiJob3N0ZWQiLCJ1cmwiOiJodHRwczpcL1wvc3RhZ2luZzIzLnB1eGVuZWdvY2lvcy5wdFwvd3AtY29udGVudFwvdXBsb2Fkc1wvMjAyNFwvMDZcL3YxbWNhdDEubXA0In0%3D\">\n\t\t\t\t<div class=\"elementor-element elementor-element-852a79f elementor-widget elementor-widget-video\" data-id=\"852a79f\" data-element_type=\"widget\" data-settings=\"{&quot;video_type&quot;:&quot;hosted&quot;,&quot;autoplay&quot;:&quot;yes&quot;,&quot;play_on_mobile&quot;:&quot;yes&quot;,&quot;mute&quot;:&quot;yes&quot;,&quot;loop&quot;:&quot;yes&quot;}\" data-widget_type=\"video.default\">\n\t\t\t\t<div class=\"elementor-widget-container\">\n\t\t\t\t\t<div class=\"e-hosted-video elementor-wrapper elementor-open-inline\">\n\t\t\t\t\t<video class=\"elementor-video\" src=\"https:\/\/seemydreams.pt\/wp-content\/uploads\/2024\/09\/Mca-T04-Trailer-120S-Hd.mp4\" autoplay=\"\" loop=\"\" muted=\"muted\" playsinline=\"\" controlsList=\"nodownload\"><\/video>\n\t\t\t\t<\/div>\n\t\t\t\t<\/div>\n\t\t\t\t<\/div>\n\t\t\t\t<\/a>\n\t\t\t\t\t\t\t\t<\/div>\n\t\t\t\t\t\t\t\t\t\t\t<div class=\"swiper-slide\" data-slide=\"3\" role=\"group\" aria-roledescription=\"slide\" aria-label=\"3 of 3\">\n\t\t\t\t\t\t\t<a class=\"elementor-element elementor-element-4d24ef5 e-con-full e-flex e-con e-child\" data-id=\"4d24ef5\" data-element_type=\"container\" href=\"#elementor-action%3Aaction%3Dlightbox%26settings%3DeyJ0eXBlIjoidmlkZW8iLCJ2aWRlb1R5cGUiOiJob3N0ZWQiLCJ1cmwiOiJodHRwczpcL1wvc3RhZ2luZzIzLnB1eGVuZWdvY2lvcy5wdFwvd3AtY29udGVudFwvdXBsb2Fkc1wvMjAyNFwvMDZcL3YxbWNhdDEubXA0In0%3D\">\n\t\t\t\t<div class=\"elementor-element elementor-element-210c19d elementor-widget elementor-widget-video\" data-id=\"210c19d\" data-element_type=\"widget\" data-settings=\"{&quot;video_type&quot;:&quot;hosted&quot;,&quot;autoplay&quot;:&quot;yes&quot;,&quot;play_on_mobile&quot;:&quot;yes&quot;,&quot;mute&quot;:&quot;yes&quot;,&quot;loop&quot;:&quot;yes&quot;}\" data-widget_type=\"video.default\">\n\t\t\t\t<div class=\"elementor-widget-container\">\n\t\t\t\t\t<div class=\"e-hosted-video elementor-wrapper elementor-open-inline\">\n\t\t\t\t\t<video class=\"elementor-video\" src=\"https:\/\/seemydreams.pt\/wp-content\/uploads\/2024\/06\/v1mcat1.mp4\" autoplay=\"\" loop=\"\" muted=\"muted\" playsinline=\"\" controlsList=\"nodownload\"><\/video>\n\t\t\t\t<\/div>\n\t\t\t\t<\/div>\n\t\t\t\t<\/div>\n\t\t\t\t<\/a>\n\t\t\t\t\t\t\t\t<\/div>\n\t\t\t\t\t\t\t\t<\/div>\n\t\t<\/div>\n\t\t\t\t\t<div class=\"elementor-swiper-button elementor-swiper-button-prev\" role=\"button\" tabindex=\"0\">\n\t\t\t\t<svg aria-hidden=\"true\" class=\"e-font-icon-svg e-eicon-chevron-left\" viewBox=\"0 0 1000 1000\" xmlns=\"http:\/\/www.w3.org\/2000\/svg\"><path d=\"M646 125C629 125 613 133 604 142L308 442C296 454 292 471 292 487 292 504 296 521 308 533L604 854C617 867 629 875 646 875 663 875 679 871 692 858 704 846 713 829 713 812 713 796 708 779 692 767L438 487 692 225C700 217 708 204 708 187 708 171 704 154 692 142 675 129 663 125 646 125Z\"><\/path><\/svg>\t\t\t<\/div>\n\t\t\t<div class=\"elementor-swiper-button elementor-swiper-button-next\" role=\"button\" tabindex=\"0\">\n\t\t\t\t<svg aria-hidden=\"true\" class=\"e-font-icon-svg e-eicon-chevron-right\" viewBox=\"0 0 1000 1000\" xmlns=\"http:\/\/www.w3.org\/2000\/svg\"><path d=\"M696 533C708 521 713 504 713 487 713 471 708 454 696 446L400 146C388 133 375 125 354 125 338 125 325 129 313 142 300 154 292 171 292 187 292 204 296 221 308 233L563 492 304 771C292 783 288 800 288 817 288 833 296 850 308 863 321 871 338 875 354 875 371 875 388 867 400 854L696 533Z\"><\/path><\/svg>\t\t\t<\/div>\n\t\t\t\t<\/div>\n\t\t\t\t<\/div>\n\t\t\t\t<\/div>\n\t\t<div class=\"elementor-element elementor-element-e879ad9 elementor-hidden-desktop elementor-hidden-tablet elementor-hidden-mobile e-flex e-con-boxed e-con e-parent\" data-id=\"e879ad9\" data-element_type=\"container\" data-settings=\"{&quot;background_background&quot;:&quot;classic&quot;}\">\n\t\t\t\t\t<div class=\"e-con-inner\">\n\t\t\t\t<div class=\"elementor-element elementor-element-c2d9d3a elementor-invisible elementor-widget elementor-widget-heading\" data-id=\"c2d9d3a\" data-element_type=\"widget\" data-settings=\"{&quot;_animation&quot;:&quot;fadeInUp&quot;,&quot;_animation_delay&quot;:250}\" data-widget_type=\"heading.default\">\n\t\t\t\t<div class=\"elementor-widget-container\">\n\t\t\t<h2 class=\"elementor-heading-title elementor-size-default\">KNOW-HOW<\/h2>\t\t<\/div>\n\t\t\t\t<\/div>\n\t\t\t\t<div class=\"elementor-element elementor-element-f2ee8db elementor-invisible elementor-widget elementor-widget-text-editor\" data-id=\"f2ee8db\" data-element_type=\"widget\" data-settings=\"{&quot;_animation&quot;:&quot;fadeInUp&quot;,&quot;_animation_delay&quot;:300}\" data-widget_type=\"text-editor.default\">\n\t\t\t\t<div class=\"elementor-widget-container\">\n\t\t\t\t\t\t\tDesde a sua cria\u00e7\u00e3o que a <b style=\"color: white\">SEE MY DREAMS<\/b> tem sido a principal produtora, em Portugal, a produzir conte\u00fados para a plataforma de streaming <b style=\"color: white\">Amazon Prime Video<\/b>.<br><br>O investimento em equipas de criativos (guionistas, realizadores e produtores) tem sido decisivo para a cria\u00e7\u00e3o de produtos, tanto para o mercado televisivo e de streaming nacional como internacional, na \u00e1rea da cria\u00e7\u00e3o de conte\u00fados como na adapta\u00e7\u00e3o de formatos de grande sucesso.<br><br>As nossas equipas t\u00eam ainda a capacidade de criar e colaborar em portugu\u00eas, espanhol, franc\u00eas e ingl\u00eas, o que as torna ideais para trabalhar em coprodu\u00e7\u00e3o com produtoras internacionais.\t\t\t\t\t\t<\/div>\n\t\t\t\t<\/div>\n\t\t\t\t\t<\/div>\n\t\t\t\t<\/div>\n\t\t<div class=\"elementor-element elementor-element-bdd3689 animated-slow e-flex e-con-boxed elementor-invisible e-con e-parent\" data-id=\"bdd3689\" data-element_type=\"container\" data-settings=\"{&quot;background_background&quot;:&quot;video&quot;,&quot;background_video_link&quot;:&quot;https:\\\/\\\/seemydreams.pt\\\/wp-content\\\/uploads\\\/2024\\\/06\\\/4K-Space-Starfield-Background.mp4&quot;,&quot;animation&quot;:&quot;fadeIn&quot;,&quot;animation_delay&quot;:1000,&quot;background_play_on_mobile&quot;:&quot;yes&quot;}\">\n\t\t\t\t\t<div class=\"e-con-inner\">\n\t\t<div class=\"elementor-background-video-container\">\n\t\t\t\t\t\t\t<video class=\"elementor-background-video-hosted elementor-html5-video\" autoplay muted playsinline loop><\/video>\n\t\t\t\t\t<\/div><div class=\"elementor-element elementor-element-2c1d949 e-con-full e-flex e-con e-child\" data-id=\"2c1d949\" data-element_type=\"container\">\n\t\t\t\t<div class=\"elementor-element elementor-element-c7d32bb elementor-widget elementor-widget-image\" data-id=\"c7d32bb\" data-element_type=\"widget\" data-widget_type=\"image.default\">\n\t\t\t\t<div class=\"elementor-widget-container\">\n\t\t\t<style>\/*! elementor - v3.22.0 - 17-06-2024 *\/\n.elementor-widget-image{text-align:center}.elementor-widget-image a{display:inline-block}.elementor-widget-image a img[src$=\".svg\"]{width:48px}.elementor-widget-image img{vertical-align:middle;display:inline-block}<\/style>\t\t\t\t\t\t\t\t\t\t<img fetchpriority=\"high\" decoding=\"async\" width=\"6880\" height=\"1240\" src=\"https:\/\/seemydreams.pt\/wp-content\/uploads\/2024\/06\/Logo-See-My-Dreams-FINAL-BRANCO-TRANSPARENTE-01-e1729246670305.png\" class=\"attachment-full size-full wp-image-1107\" alt=\"\" srcset=\"https:\/\/seemydreams.pt\/wp-content\/uploads\/2024\/06\/Logo-See-My-Dreams-FINAL-BRANCO-TRANSPARENTE-01-e1729246670305.png 6880w, https:\/\/seemydreams.pt\/wp-content\/uploads\/2024\/06\/Logo-See-My-Dreams-FINAL-BRANCO-TRANSPARENTE-01-e1729246670305-300x54.png 300w, https:\/\/seemydreams.pt\/wp-content\/uploads\/2024\/06\/Logo-See-My-Dreams-FINAL-BRANCO-TRANSPARENTE-01-e1729246670305-1024x185.png 1024w, https:\/\/seemydreams.pt\/wp-content\/uploads\/2024\/06\/Logo-See-My-Dreams-FINAL-BRANCO-TRANSPARENTE-01-e1729246670305-768x138.png 768w, https:\/\/seemydreams.pt\/wp-content\/uploads\/2024\/06\/Logo-See-My-Dreams-FINAL-BRANCO-TRANSPARENTE-01-e1729246670305-1536x277.png 1536w, https:\/\/seemydreams.pt\/wp-content\/uploads\/2024\/06\/Logo-See-My-Dreams-FINAL-BRANCO-TRANSPARENTE-01-e1729246670305-2048x369.png 2048w\" sizes=\"(max-width: 6880px) 100vw, 6880px\" \/>\t\t\t\t\t\t\t\t\t\t\t\t\t<\/div>\n\t\t\t\t<\/div>\n\t\t\t\t<\/div>\n\t\t\t\t\t<\/div>\n\t\t\t\t<\/div>\n\t\t\t\t<\/div>\n\t\t","protected":false},"excerpt":{"rendered":"<p>THE COMPANY SEE MY DREAMS PRODUCTIONS is an independent production company, based in Portugal and producing audiovisual contents for the local and international market. The company is focused on the development of original scripted and non-scripted projects, working with top creative talent in all areas of the production process. Since the company was set up, &#8230; <a title=\"See My Dreams\" class=\"read-more\" href=\"https:\/\/seemydreams.pt\/en\/see-my-dreams\/\" aria-label=\"Read more about See My Dreams\">Read more<\/a><\/p>\n","protected":false},"author":2,"featured_media":0,"parent":0,"menu_order":0,"comment_status":"closed","ping_status":"closed","template":"elementor_header_footer","meta":{"footnotes":""},"class_list":["post-1001","page","type-page","status-publish"],"_links":{"self":[{"href":"https:\/\/seemydreams.pt\/en\/wp-json\/wp\/v2\/pages\/1001","targetHints":{"allow":["GET"]}}],"collection":[{"href":"https:\/\/seemydreams.pt\/en\/wp-json\/wp\/v2\/pages"}],"about":[{"href":"https:\/\/seemydreams.pt\/en\/wp-json\/wp\/v2\/types\/page"}],"author":[{"embeddable":true,"href":"https:\/\/seemydreams.pt\/en\/wp-json\/wp\/v2\/users\/2"}],"replies":[{"embeddable":true,"href":"https:\/\/seemydreams.pt\/en\/wp-json\/wp\/v2\/comments?post=1001"}],"version-history":[{"count":16,"href":"https:\/\/seemydreams.pt\/en\/wp-json\/wp\/v2\/pages\/1001\/revisions"}],"predecessor-version":[{"id":1251,"href":"https:\/\/seemydreams.pt\/en\/wp-json\/wp\/v2\/pages\/1001\/revisions\/1251"}],"wp:attachment":[{"href":"https:\/\/seemydreams.pt\/en\/wp-json\/wp\/v2\/media?parent=1001"}],"curies":[{"name":"wp","href":"https:\/\/api.w.org\/{rel}","templated":true}]}}